{"id":2,"date":"2026-05-08T08:59:45","date_gmt":"2026-05-08T08:59:45","guid":{"rendered":"https:\/\/www.polonasmolnikar.si\/?page_id=2"},"modified":"2026-05-11T16:55:49","modified_gmt":"2026-05-11T16:55:49","slug":"sample-page","status":"publish","type":"page","link":"https:\/\/www.polonasmolnikar.si\/?page_id=2","title":{"rendered":"DELO"},"content":{"rendered":"\n<h2 class=\"wp-block-heading\"><strong>SVETLOBNE IMPRESIJE<\/strong><\/h2>\n\n\n\n<div class=\"wp-block-columns is-layout-flex wp-container-core-columns-is-layout-9d6595d7 wp-block-columns-is-layout-flex\">\n<div class=\"wp-block-column is-layout-flow wp-block-column-is-layout-flow\">\n<figure class=\"wp-block-image size-large\"><img loading=\"lazy\" decoding=\"async\" width=\"1024\" height=\"682\" src=\"https:\/\/www.polonasmolnikar.si\/wp-content\/uploads\/2026\/05\/1738230867517-1024x682.jpg\" alt=\"\" class=\"wp-image-107\" srcset=\"https:\/\/www.polonasmolnikar.si\/wp-content\/uploads\/2026\/05\/1738230867517-1024x682.jpg 1024w, https:\/\/www.polonasmolnikar.si\/wp-content\/uploads\/2026\/05\/1738230867517-300x200.jpg 300w, https:\/\/www.polonasmolnikar.si\/wp-content\/uploads\/2026\/05\/1738230867517-768x512.jpg 768w, https:\/\/www.polonasmolnikar.si\/wp-content\/uploads\/2026\/05\/1738230867517.jpg 1280w\" sizes=\"auto, (max-width: 1024px) 100vw, 1024px\" \/><\/figure>\n\n\n\n<p><em>november 2024 &#8211; galerija Foto kluba Kamnik<\/em><\/p>\n<\/div>\n\n\n\n<div class=\"wp-block-column is-layout-flow wp-block-column-is-layout-flow\">\n<figure class=\"wp-block-image size-large\"><img loading=\"lazy\" decoding=\"async\" width=\"1024\" height=\"682\" src=\"https:\/\/www.polonasmolnikar.si\/wp-content\/uploads\/2026\/05\/1738230891013-1024x682.jpg\" alt=\"\" class=\"wp-image-108\" srcset=\"https:\/\/www.polonasmolnikar.si\/wp-content\/uploads\/2026\/05\/1738230891013-1024x682.jpg 1024w, https:\/\/www.polonasmolnikar.si\/wp-content\/uploads\/2026\/05\/1738230891013-300x200.jpg 300w, https:\/\/www.polonasmolnikar.si\/wp-content\/uploads\/2026\/05\/1738230891013-768x512.jpg 768w, https:\/\/www.polonasmolnikar.si\/wp-content\/uploads\/2026\/05\/1738230891013.jpg 1280w\" sizes=\"auto, (max-width: 1024px) 100vw, 1024px\" \/><\/figure>\n\n\n\n<p><em>januar 2025 &#8211; galerija MC Dom\u017eale<\/em><\/p>\n<\/div>\n<\/div>\n\n\n\n<p><em><strong>Svetlobne impresije<\/strong><\/em> so serija umetni\u0161kih instalacij, ki prepletajo svetlobo, zvok in podobo. Razstava obsega osem instalacij no\u010dnih pejsa\u017eev, kjer z uporabo umetne svetlobe v ozadju poudarim naravni sij zvezd. S tem ustvarjam novo razse\u017enost no\u010dne pokrajine, ki gledalca ne\u017eno prestavi v pokrajino polno miru in kontemplacije.<\/p>\n\n\n\n<h2 class=\"wp-block-heading\"><strong>ZVEZDNE NO\u010cI<\/strong><\/h2>\n\n\n\n<div class=\"wp-block-columns is-layout-flex wp-container-core-columns-is-layout-9d6595d7 wp-block-columns-is-layout-flex\">\n<div class=\"wp-block-column is-layout-flow wp-block-column-is-layout-flow\">\n<figure class=\"wp-block-image size-large\"><img loading=\"lazy\" decoding=\"async\" width=\"1024\" height=\"768\" src=\"https:\/\/www.polonasmolnikar.si\/wp-content\/uploads\/2026\/05\/IMG_4619-1024x768.jpeg\" alt=\"\" class=\"wp-image-111\" srcset=\"https:\/\/www.polonasmolnikar.si\/wp-content\/uploads\/2026\/05\/IMG_4619-1024x768.jpeg 1024w, https:\/\/www.polonasmolnikar.si\/wp-content\/uploads\/2026\/05\/IMG_4619-300x225.jpeg 300w, https:\/\/www.polonasmolnikar.si\/wp-content\/uploads\/2026\/05\/IMG_4619-768x576.jpeg 768w, https:\/\/www.polonasmolnikar.si\/wp-content\/uploads\/2026\/05\/IMG_4619-1536x1152.jpeg 1536w, https:\/\/www.polonasmolnikar.si\/wp-content\/uploads\/2026\/05\/IMG_4619-2048x1536.jpeg 2048w\" sizes=\"auto, (max-width: 1024px) 100vw, 1024px\" \/><\/figure>\n<\/div>\n<\/div>\n\n\n\n<div class=\"wp-block-columns is-layout-flex wp-container-core-columns-is-layout-9d6595d7 wp-block-columns-is-layout-flex\">\n<div class=\"wp-block-column is-layout-flow wp-block-column-is-layout-flow\">\n<p><em>avgust 2023 &#8211; galerija Foto kluba Kamnik<\/em><\/p>\n<\/div>\n<\/div>\n\n\n\n<p>Serija <strong><em>Zvezdne no\u010di<\/em><\/strong> raziskuje nevidne svetove no\u010dnih pokrajin. Projekt zdru\u017euje tehni\u010dno raziskovanje dinamike no\u010dne svetlobe z mo\u010dno okoljevarstveno noto. Preko znanih lokalnih pejsa\u017eev, preobra\u017eenih pod tiso\u010derimi zvezdami, opozarja na problematiko svetlobnega onesna\u017eenja, ki nam vztrajno krade pogled v vesolje.<\/p>\n\n\n\n<h2 class=\"wp-block-heading\"><strong>DOM<\/strong> <em><strong>udoma\u010ditev<\/strong><\/em><\/h2>\n\n\n\n<p><em>december 2023 &#8211; Dom kulture Kamnik<\/em><\/p>\n\n\n\n<figure class=\"wp-block-image size-large\"><img loading=\"lazy\" decoding=\"async\" width=\"1024\" height=\"581\" src=\"https:\/\/www.polonasmolnikar.si\/wp-content\/uploads\/2026\/05\/Posnetek-zaslona-2024-10-02-160757-1024x581.png\" alt=\"\" class=\"wp-image-89\" srcset=\"https:\/\/www.polonasmolnikar.si\/wp-content\/uploads\/2026\/05\/Posnetek-zaslona-2024-10-02-160757-1024x581.png 1024w, https:\/\/www.polonasmolnikar.si\/wp-content\/uploads\/2026\/05\/Posnetek-zaslona-2024-10-02-160757-300x170.png 300w, https:\/\/www.polonasmolnikar.si\/wp-content\/uploads\/2026\/05\/Posnetek-zaslona-2024-10-02-160757-768x436.png 768w, https:\/\/www.polonasmolnikar.si\/wp-content\/uploads\/2026\/05\/Posnetek-zaslona-2024-10-02-160757-1536x872.png 1536w, https:\/\/www.polonasmolnikar.si\/wp-content\/uploads\/2026\/05\/Posnetek-zaslona-2024-10-02-160757.png 1659w\" sizes=\"auto, (max-width: 1024px) 100vw, 1024px\" \/><\/figure>\n\n\n\n<p>Projekt <strong><em>Udoma\u010ditev<\/em><\/strong> je nastal kot osebna fotografska \u0161tudija moje selitve iz mestnega sredi\u0161\u010da v va\u0161ko okolje Tuhinjske doline. Potem ko sem &#8220;udobje&#8221; kamni\u0161ke garsonjere zamenjala za \u017eivljenje na de\u017eeli, sem se soo\u010dila z izzivi asimilacije, izgubo mestne avtonomije in vstopom v tesno povezano va\u0161ko skupnost. Skozi objektiv sem raziskovala novo bivanjsko okolje, njegove \u017eive in ne\u017eive komponente ter iskala odgovore na vpra\u0161anje: <em>Ali nas fotografija lahko zbli\u017ea z novim domom?<\/em><\/p>\n\n\n\n<p>Projekt DOM je potekal pod mentorstvom Jo\u0161ta Franka.<\/p>\n","protected":false},"excerpt":{"rendered":"<p>SVETLOBNE IMPRESIJE november 2024 &#8211; galerija Foto kluba Kamnik januar 2025 &#8211; galerija MC Dom\u017eale Svetlobne impresije so serija umetni\u0161kih instalacij, ki prepletajo svetlobo, zvok in podobo. Razstava obsega osem instalacij no\u010dnih pejsa\u017eev, kjer z uporabo umetne svetlobe v ozadju poudarim naravni sij zvezd. S tem ustvarjam novo razse\u017enost no\u010dne pokrajine, ki gledalca ne\u017eno prestavi <a href=\"https:\/\/www.polonasmolnikar.si\/?page_id=2\" class=\"more-link\">&#8230;<span class=\"screen-reader-text\">  DELO<\/span><\/a><\/p>\n","protected":false},"author":1,"featured_media":0,"parent":0,"menu_order":0,"comment_status":"closed","ping_status":"open","template":"","meta":{"footnotes":""},"class_list":["post-2","page","type-page","status-publish","hentry"],"_links":{"self":[{"href":"https:\/\/www.polonasmolnikar.si\/index.php?rest_route=\/wp\/v2\/pages\/2","targetHints":{"allow":["GET"]}}],"collection":[{"href":"https:\/\/www.polonasmolnikar.si\/index.php?rest_route=\/wp\/v2\/pages"}],"about":[{"href":"https:\/\/www.polonasmolnikar.si\/index.php?rest_route=\/wp\/v2\/types\/page"}],"author":[{"embeddable":true,"href":"https:\/\/www.polonasmolnikar.si\/index.php?rest_route=\/wp\/v2\/users\/1"}],"replies":[{"embeddable":true,"href":"https:\/\/www.polonasmolnikar.si\/index.php?rest_route=%2Fwp%2Fv2%2Fcomments&post=2"}],"version-history":[{"count":14,"href":"https:\/\/www.polonasmolnikar.si\/index.php?rest_route=\/wp\/v2\/pages\/2\/revisions"}],"predecessor-version":[{"id":116,"href":"https:\/\/www.polonasmolnikar.si\/index.php?rest_route=\/wp\/v2\/pages\/2\/revisions\/116"}],"wp:attachment":[{"href":"https:\/\/www.polonasmolnikar.si\/index.php?rest_route=%2Fwp%2Fv2%2Fmedia&parent=2"}],"curies":[{"name":"wp","href":"https:\/\/api.w.org\/{rel}","templated":true}]}}